{"id":54,"date":"2026-03-19T09:51:17","date_gmt":"2026-03-19T14:51:17","guid":{"rendered":"https:\/\/click2action.com.co\/cerroverde\/?page_id=54"},"modified":"2026-04-17T09:29:29","modified_gmt":"2026-04-17T14:29:29","slug":"terminos-y-condiciones","status":"publish","type":"page","link":"https:\/\/cerroverdemirador.com\/en\/terminos-y-condiciones\/","title":{"rendered":"T\u00e9rminos y condiciones"},"content":{"rendered":"<div data-elementor-type=\"wp-page\" data-elementor-id=\"54\" class=\"elementor elementor-54\" data-elementor-settings=\"{&quot;ha_cmc_init_switcher&quot;:&quot;no&quot;}\" data-elementor-post-type=\"page\">\n\t\t\t\t<div class=\"elementor-element elementor-element-8ba2b26 e-flex e-con-boxed e-con e-parent\" data-id=\"8ba2b26\" data-element_type=\"container\" data-e-type=\"container\" data-settings=\"{&quot;_ha_eqh_enable&quot;:false}\">\n\t\t\t\t\t<div class=\"e-con-inner\">\n\t\t\t\t<div class=\"elementor-element elementor-element-ce3abce elementor-widget elementor-widget-heading\" data-id=\"ce3abce\" data-element_type=\"widget\" data-e-type=\"widget\" data-widget_type=\"heading.default\">\n\t\t\t\t\t<h2 class=\"elementor-heading-title elementor-size-default\">TERMS AND CONDITIONS<\/h2>\t\t\t\t<\/div>\n\t\t\t\t<div class=\"elementor-element elementor-element-6aef63a elementor-widget elementor-widget-text-editor\" data-id=\"6aef63a\" data-element_type=\"widget\" data-e-type=\"widget\" data-widget_type=\"text-editor.default\">\n\t\t\t\t\t\t\t\t\t<h2>TERMS AND CONDITIONS FOR INDIVIDUAL BOOKINGS<\/h2><h4><strong>1. OBJECTIVE<\/strong><\/h4><p>To provide the policies, conditions, and terms of the room reservation made at MIRADOR CERRO VERDE (Inversiones Jarapineda S.A.S.), in accordance with internal guidelines and applicable legal provisions. The customer must pay 100% of the reservation amount at the time of booking through our digital channels.<\/p><h4><strong>2. SCOPE<\/strong><\/h4><p>This applies to customers who have made an individual reservation for accommodations (rooms) at hotels in the MIRADOR CERRO VERDE chain (Inversiones Jarapineda S.A.S).<\/p><h4><strong>3. GENERAL INFORMATION<\/strong><\/h4><p>Pets are charged 60,000 for boarding,\u00a0<strong>THESE WILL BE CHARGED AT CHECK-IN<\/strong>.<\/p><p><strong>3.1. Check-In (arrival at the hotel) and Check-Out (departure from the hotel) Policy<\/strong><\/p><p>Your reservation begins at 3:00 p.m. on the day of arrival and ends at 12:00 p.m. on the day of departure.<\/p><p><strong>3.2. Cancellation and Modification Policy<\/strong><\/p><p>Refundable cancellation: 50% of the rate if canceled two weeks in advance for the Yarumo and Arrayanes cabins; and one month in advance for the Sietecueros Chalet and Uvitos glamping.<br \/>Changes or rescheduling for the Yarumo and Arrayanes cabins must be made at least fifteen days in advance; for the Sietecueros Chalet or Uvitos glamping, at least one month in advance.<br \/>Changes (rescheduling) are subject to the type of accommodation.<\/p><p><strong>3.3. Rate Adjustment Policy<\/strong><br \/>The rates shown on the website are valid for Monday through Friday. These rates may vary for weekends, peak season, or holidays. In such cases, the price will be adjusted at the time of booking.<\/p><p><strong>High season:<\/strong>\u00a0June break (June 28\u2013July 21, 2021), October break (October 11\u201317, 2021), and December break (December 15, 2021\u2013January 11, 2022).<\/p><p><strong>3.4. Policy on the Registration of Minors<\/strong><br \/>If you are traveling with a child or children under the age of 18, you must present the child\u2019s or children\u2019s identification document (birth certificate) that proves your relationship to them. If the minor(s) is\/are not traveling with their parents, you must submit to the front desk, in addition to the minor\u2019s identification document (birth certificate), a parental consent form, which must be notarized and accompanied by a copy of the identification document of the person(s) who provided the authorization. Without this documentation, minors are not permitted to enter the hotel. This is in accordance with the provisions of Law 679 of 2001, the Statute to Prevent the Sexual Exploitation of Children and Adolescents, and its related regulations.<\/p><p><strong>3.5. Late Check-Out Policy<\/strong><br \/>a. Subject to availability, late check-out until 3:00 p.m. is available for an additional fee.<br \/>b. Late check-out between 3:00 p.m. and 7:00 p.m. will be charged at half the rate paid for the guest\u2019s stay.<br \/>c. Late check-out after 7:00 p.m. will result in the full rate for the guest\u2019s stay being charged.<\/p><p><strong>3.6. Late Check-In Policy<\/strong><br \/>a. Late check-in is available until 8:00 p.m. at no extra charge.<br \/>b. Late check-in between 8:00 p.m. and 10:00 p.m. will incur a charge of $30,000.<br \/>d. A late check-in after 10:00 p.m. will incur a $50,000 charge.<\/p><p><strong>3.7. Anti-Corruption and Anti-Fraud Policy<\/strong><br \/>Do not engage in dishonest conduct or practices that would undermine corporate integrity; such as offering or accepting gifts, invitations, or other types of incentives that could reward or influence you to take or refrain from taking any commercial or legal action, or when you intentionally conceal, alter, falsify, or omit information for your own benefit or the benefit of others, or engaging in potential conflicts of interest that could place personal priorities above collective ones; promoting a culture of ethics, transparency, and integrity in the conduct of business activities.<\/p><p><strong>3.8. Anti-Money Laundering and Counter-Terrorist Financing Policy<\/strong><br \/>To become aware of and commit to the fight against Money Laundering and Terrorist Financing (ML\/TF), dedicating all efforts to prevent the company from becoming involved in illegal acts\u2014not only out of loyalty but also for ethical and legal reasons\u2014in compliance with a policy consistent with legal regulations. Thus, the guest declares under oath\u2014which is deemed to have been taken upon signing the contract\u2014that the funds comprising their assets do not originate from money laundering, terrorist financing, drug trafficking, illegal fundraising, or any other illicit activity; likewise, the client declares that the funds delivered or to be delivered as consideration for the services offered by the hotel originate from lawful activities. For the purposes of the foregoing, the client expressly authorizes the hotel to consult the relevant lists, information systems, and databases; should any report be found, the hotel shall proceed to take the appropriate contractual and\/or legal actions. The customer undertakes to take all necessary steps to ensure that its partners, managers, contractors, customers, suppliers, employees, etc., and\/or their funds, are not related to or derived from illegal activities, particularly those listed above. Such conduct will result in the hotel operator\u2019s lawful termination of the lodging contract.<\/p><p><strong>3.9. Sustainability Policy<\/strong><br \/>At MIRADOR CERRO VERDE (Inversiones Jarapineda S.A.S), we are committed to the sustainable development of our community, fulfilling our legal obligations regarding environmental, sociocultural, and economic issues through the continuous improvement of our processes. We protect the physical and moral well-being of children, adolescents, and vulnerable populations by implementing safety and control measures designed to safeguard their rights. We implement prevention, control, and improvement measures to minimize the environmental, sociocultural, and economic impact of our operations; raising awareness among our guests, customers, suppliers, and employees regarding their sustainable rights and responsibilities.<\/p><p>Recommendations for enjoying your stay at Cerro Verde Mirador without violating the site\u2019s general and environmental rules:\u00a0<em><span style=\"text-decoration: underline;\"><span style=\"color: #0d5257;\"><strong><a style=\"color: #0d5257; text-decoration: underline;\" href=\"https:\/\/bit.ly\/TipsNormasCerroVerde\" target=\"_blank\" rel=\"noopener noreferrer\">Tips for Enjoying Your Visit and Rules at Mirador CerroVerde<\/a><\/strong><\/span><\/span><\/em><\/p><p><strong>3.10. Anti-Smoking Law Policy<\/strong><br \/>In accordance with the provisions of Law 1335 of 2009, our hotels maintain smoke-free areas and environments. Consequently, guests agree to refrain from smoking in areas and spaces designated as smoke-free, as well as in enclosed spaces such as guest rooms, hallways, restaurants, lounges, and other similar areas. In the event that a guest fails to comply with this obligation, they agree to pay a penalty of $100,000 COP for breach of their obligations.<\/p><p><strong>3.11. Statement of the Source and Destination of Funds<\/strong><br \/>I hereby declare that the financial and\/or physical resources do not originate from, nor will they be used for, any illegal activities as defined in the Colombian Penal Code or in any regulation that amends or supplements it.<\/p><p><strong>3.12. Consent to the Processing of Personal Data<\/strong><br \/>I authorize MIRADOR CERRO VERDE (Inversiones Jarapineda S.A.S.) to process my personal data, which has been provided through various marketing channels such as websites, call centers, and others. The hotel hereby informs you that your personal data will be stored with the utmost care, in accordance with the provisions of Law 1266 of 2008, Law 1581 of 2012, Decree 1377 of 2013, and all other regulations that amend, regulate, or expand upon the relevant legislation, as well as the provisions of the MIRADOR CERRO VERDE (Inversiones Jarapineda S.A.S.) Privacy and Personal Data Processing Policy Manual, which can be consulted at the following link: www.cerroverdemirador.com\/politicas-de-privacidad<\/p><p><strong>3.13. Return Policy<\/strong><br \/>When you book our services through www.cerroverdemirador.com or the Reservations Center, you may exercise your right of withdrawal no later than five business days after the purchase confirmation. The right of withdrawal does not apply to reservations with a check-in date less than five days away. To withdraw, please send an email to\u00a0<strong>miradorcerrov@gmail.com<\/strong>\u00a0If you made your purchase through the website, or contact the Reservations Center via WhatsApp if you made your purchase through that channel. The refund will be issued without any deductions, via bank deposit in the name of the person who made the reservation or via a credit card refund to the card used for the purchase, depending on the payment method used, within 30 calendar days of the cancellation.<\/p><p><strong>3.14. Refund Policy<\/strong><br \/>When you book our services through www.cerroverdemirador.com or the Reservations Center and have used a credit or debit card or any other electronic payment method, and the payment method used is issued by a financial institution based in Colombia, you may request a chargeback in the event of fraud, an unauthorized transaction, or a purchased item not received.<\/p><p><strong>3.15. Discounts, Contests, and Promotions<\/strong><\/p><p>All of our promotions, contests, and discounts are subject to terms and conditions.<\/p><p>For more information on the terms and conditions of promotions, discounts, or contests, please visit the\u00a0<strong><em><span style=\"text-decoration: underline;\"><span style=\"color: #0d5257;\"><a style=\"color: #0d5257; text-decoration: underline;\" href=\"http:\/\/bit.ly\/WAReservasCerroVerde\" target=\"_blank\" rel=\"noopener noreferrer\">WhatsApp Booking Assistance<\/a><\/span><\/span><\/em><\/strong>, during the following business hours: Monday through Friday from 8:00 a.m. to 1:00 p.m. and from 2:00 p.m. to 6:00 p.m.; Saturdays from 2:00 p.m. to 1:00 p.m.<\/p><p>Refunds or rescheduling are not available for accommodation reservations made using a promotional offer.<\/p><h4><strong>4. REFERENCE DOCUMENTS AND APPENDICES<\/strong><\/h4><p>\u25cf Privacy Policy and Personal Data Processing Manual for MIRADOR CERRO VERDE (Inversiones Jarapineda S.A.S.)<br \/>\u25cf Colombian Penal Code.<br \/>\u25cf Law No. 1335 of 2009.<br \/>\u25cf Law No. 1266 of 2008, Law No. 1581 of 2012, and Decree No. 1377 of 2013.<br \/>\u25cf Law 679 of 2001: Statute to Prevent the Sexual Exploitation of Children and Adolescents.<\/p>\t\t\t\t\t\t\t\t<\/div>\n\t\t\t\t\t<\/div>\n\t\t\t\t<\/div>\n\t\t\t\t<\/div>","protected":false},"excerpt":{"rendered":"<p>T\u00c9RMINOS Y CONDICIONES T\u00c9RMINOS Y CONDICIONES RESERVAS INDIVIDUALES 1. OBJETIVO Proveer las pol\u00edticas, condiciones y t\u00e9rminos de la reserva de habitaci\u00f3n adquirida en MIRADOR CERRO VERDE (Inversiones Jarapineda S.A.S), en desarrollo al cumplimiento de los lineamientos internos y disposiciones legales aplicables. El cliente deber\u00e1 pagar el 100% del valor de lo reservado al momento de [&hellip;]<\/p>\n","protected":false},"author":1,"featured_media":0,"parent":0,"menu_order":0,"comment_status":"closed","ping_status":"closed","template":"","meta":{"_angie_page":false,"footnotes":""},"class_list":["post-54","page","type-page","status-publish","hentry"],"yoast_head":"<!-- This site is optimized with the Yoast SEO plugin v27.5 - https:\/\/yoast.com\/product\/yoast-seo-wordpress\/ -->\n<title>T\u00e9rminos y condiciones - Cerro Verde Mirador<\/title>\n<meta name=\"robots\" content=\"index, follow, max-snippet:-1, max-image-preview:large, max-video-preview:-1\" \/>\n<link rel=\"canonical\" href=\"https:\/\/cerroverdemirador.com\/en\/terminos-y-condiciones\/\" \/>\n<meta property=\"og:locale\" content=\"en_US\" \/>\n<meta property=\"og:type\" content=\"article\" \/>\n<meta property=\"og:title\" content=\"T\u00e9rminos y condiciones - Cerro Verde Mirador\" \/>\n<meta property=\"og:description\" content=\"T\u00c9RMINOS Y CONDICIONES T\u00c9RMINOS Y CONDICIONES RESERVAS INDIVIDUALES 1. OBJETIVO Proveer las pol\u00edticas, condiciones y t\u00e9rminos de la reserva de habitaci\u00f3n adquirida en MIRADOR CERRO VERDE (Inversiones Jarapineda S.A.S), en desarrollo al cumplimiento de los lineamientos internos y disposiciones legales aplicables. El cliente deber\u00e1 pagar el 100% del valor de lo reservado al momento de [&hellip;]\" \/>\n<meta property=\"og:url\" content=\"https:\/\/cerroverdemirador.com\/en\/terminos-y-condiciones\/\" \/>\n<meta property=\"og:site_name\" content=\"Cerro Verde Mirador\" \/>\n<meta property=\"article:modified_time\" content=\"2026-04-17T14:29:29+00:00\" \/>\n<meta name=\"twitter:card\" content=\"summary_large_image\" \/>\n<meta name=\"twitter:label1\" content=\"Est. reading time\" \/>\n\t<meta name=\"twitter:data1\" content=\"8 minutes\" \/>\n<script type=\"application\/ld+json\" class=\"yoast-schema-graph\">{\"@context\":\"https:\\\/\\\/schema.org\",\"@graph\":[{\"@type\":\"WebPage\",\"@id\":\"https:\\\/\\\/cerroverdemirador.com\\\/terminos-y-condiciones\\\/\",\"url\":\"https:\\\/\\\/cerroverdemirador.com\\\/terminos-y-condiciones\\\/\",\"name\":\"T\u00e9rminos y condiciones - Cerro Verde Mirador\",\"isPartOf\":{\"@id\":\"https:\\\/\\\/cerroverdemirador.com\\\/#website\"},\"datePublished\":\"2026-03-19T14:51:17+00:00\",\"dateModified\":\"2026-04-17T14:29:29+00:00\",\"breadcrumb\":{\"@id\":\"https:\\\/\\\/cerroverdemirador.com\\\/terminos-y-condiciones\\\/#breadcrumb\"},\"inLanguage\":\"en-US\",\"potentialAction\":[{\"@type\":\"ReadAction\",\"target\":[\"https:\\\/\\\/cerroverdemirador.com\\\/terminos-y-condiciones\\\/\"]}]},{\"@type\":\"BreadcrumbList\",\"@id\":\"https:\\\/\\\/cerroverdemirador.com\\\/terminos-y-condiciones\\\/#breadcrumb\",\"itemListElement\":[{\"@type\":\"ListItem\",\"position\":1,\"name\":\"Inicio\",\"item\":\"https:\\\/\\\/cerroverdemirador.com\\\/\"},{\"@type\":\"ListItem\",\"position\":2,\"name\":\"T\u00e9rminos y condiciones\"}]},{\"@type\":\"WebSite\",\"@id\":\"https:\\\/\\\/cerroverdemirador.com\\\/#website\",\"url\":\"https:\\\/\\\/cerroverdemirador.com\\\/\",\"name\":\"Cerro Verde Mirador\",\"description\":\"\",\"publisher\":{\"@id\":\"https:\\\/\\\/cerroverdemirador.com\\\/#organization\"},\"potentialAction\":[{\"@type\":\"SearchAction\",\"target\":{\"@type\":\"EntryPoint\",\"urlTemplate\":\"https:\\\/\\\/cerroverdemirador.com\\\/?s={search_term_string}\"},\"query-input\":{\"@type\":\"PropertyValueSpecification\",\"valueRequired\":true,\"valueName\":\"search_term_string\"}}],\"inLanguage\":\"en-US\"},{\"@type\":\"Organization\",\"@id\":\"https:\\\/\\\/cerroverdemirador.com\\\/#organization\",\"name\":\"Cerro Verde Mirador\",\"url\":\"https:\\\/\\\/cerroverdemirador.com\\\/\",\"logo\":{\"@type\":\"ImageObject\",\"inLanguage\":\"en-US\",\"@id\":\"https:\\\/\\\/cerroverdemirador.com\\\/#\\\/schema\\\/logo\\\/image\\\/\",\"url\":\"https:\\\/\\\/cerroverdemirador.com\\\/wp-content\\\/uploads\\\/2026\\\/03\\\/Mesa-de-trabajo-2-1.png\",\"contentUrl\":\"https:\\\/\\\/cerroverdemirador.com\\\/wp-content\\\/uploads\\\/2026\\\/03\\\/Mesa-de-trabajo-2-1.png\",\"width\":194,\"height\":82,\"caption\":\"Cerro Verde Mirador\"},\"image\":{\"@id\":\"https:\\\/\\\/cerroverdemirador.com\\\/#\\\/schema\\\/logo\\\/image\\\/\"}}]}<\/script>\n<!-- \/ Yoast SEO plugin. -->","yoast_head_json":{"title":"T\u00e9rminos y condiciones - Cerro Verde Mirador","robots":{"index":"index","follow":"follow","max-snippet":"max-snippet:-1","max-image-preview":"max-image-preview:large","max-video-preview":"max-video-preview:-1"},"canonical":"https:\/\/cerroverdemirador.com\/en\/terminos-y-condiciones\/","og_locale":"en_US","og_type":"article","og_title":"T\u00e9rminos y condiciones - Cerro Verde Mirador","og_description":"T\u00c9RMINOS Y CONDICIONES T\u00c9RMINOS Y CONDICIONES RESERVAS INDIVIDUALES 1. OBJETIVO Proveer las pol\u00edticas, condiciones y t\u00e9rminos de la reserva de habitaci\u00f3n adquirida en MIRADOR CERRO VERDE (Inversiones Jarapineda S.A.S), en desarrollo al cumplimiento de los lineamientos internos y disposiciones legales aplicables. El cliente deber\u00e1 pagar el 100% del valor de lo reservado al momento de [&hellip;]","og_url":"https:\/\/cerroverdemirador.com\/en\/terminos-y-condiciones\/","og_site_name":"Cerro Verde Mirador","article_modified_time":"2026-04-17T14:29:29+00:00","twitter_card":"summary_large_image","twitter_misc":{"Est. reading time":"8 minutes"},"schema":{"@context":"https:\/\/schema.org","@graph":[{"@type":"WebPage","@id":"https:\/\/cerroverdemirador.com\/terminos-y-condiciones\/","url":"https:\/\/cerroverdemirador.com\/terminos-y-condiciones\/","name":"T\u00e9rminos y condiciones - Cerro Verde Mirador","isPartOf":{"@id":"https:\/\/cerroverdemirador.com\/#website"},"datePublished":"2026-03-19T14:51:17+00:00","dateModified":"2026-04-17T14:29:29+00:00","breadcrumb":{"@id":"https:\/\/cerroverdemirador.com\/terminos-y-condiciones\/#breadcrumb"},"inLanguage":"en-US","potentialAction":[{"@type":"ReadAction","target":["https:\/\/cerroverdemirador.com\/terminos-y-condiciones\/"]}]},{"@type":"BreadcrumbList","@id":"https:\/\/cerroverdemirador.com\/terminos-y-condiciones\/#breadcrumb","itemListElement":[{"@type":"ListItem","position":1,"name":"Inicio","item":"https:\/\/cerroverdemirador.com\/"},{"@type":"ListItem","position":2,"name":"T\u00e9rminos y condiciones"}]},{"@type":"WebSite","@id":"https:\/\/cerroverdemirador.com\/#website","url":"https:\/\/cerroverdemirador.com\/","name":"Cerro Verde Mirador","description":"","publisher":{"@id":"https:\/\/cerroverdemirador.com\/#organization"},"potentialAction":[{"@type":"SearchAction","target":{"@type":"EntryPoint","urlTemplate":"https:\/\/cerroverdemirador.com\/?s={search_term_string}"},"query-input":{"@type":"PropertyValueSpecification","valueRequired":true,"valueName":"search_term_string"}}],"inLanguage":"en-US"},{"@type":"Organization","@id":"https:\/\/cerroverdemirador.com\/#organization","name":"Cerro Verde Mirador","url":"https:\/\/cerroverdemirador.com\/","logo":{"@type":"ImageObject","inLanguage":"en-US","@id":"https:\/\/cerroverdemirador.com\/#\/schema\/logo\/image\/","url":"https:\/\/cerroverdemirador.com\/wp-content\/uploads\/2026\/03\/Mesa-de-trabajo-2-1.png","contentUrl":"https:\/\/cerroverdemirador.com\/wp-content\/uploads\/2026\/03\/Mesa-de-trabajo-2-1.png","width":194,"height":82,"caption":"Cerro Verde Mirador"},"image":{"@id":"https:\/\/cerroverdemirador.com\/#\/schema\/logo\/image\/"}}]}},"_links":{"self":[{"href":"https:\/\/cerroverdemirador.com\/en\/wp-json\/wp\/v2\/pages\/54","targetHints":{"allow":["GET"]}}],"collection":[{"href":"https:\/\/cerroverdemirador.com\/en\/wp-json\/wp\/v2\/pages"}],"about":[{"href":"https:\/\/cerroverdemirador.com\/en\/wp-json\/wp\/v2\/types\/page"}],"author":[{"embeddable":true,"href":"https:\/\/cerroverdemirador.com\/en\/wp-json\/wp\/v2\/users\/1"}],"replies":[{"embeddable":true,"href":"https:\/\/cerroverdemirador.com\/en\/wp-json\/wp\/v2\/comments?post=54"}],"version-history":[{"count":10,"href":"https:\/\/cerroverdemirador.com\/en\/wp-json\/wp\/v2\/pages\/54\/revisions"}],"predecessor-version":[{"id":608,"href":"https:\/\/cerroverdemirador.com\/en\/wp-json\/wp\/v2\/pages\/54\/revisions\/608"}],"wp:attachment":[{"href":"https:\/\/cerroverdemirador.com\/en\/wp-json\/wp\/v2\/media?parent=54"}],"curies":[{"name":"wp","href":"https:\/\/api.w.org\/{rel}","templated":true}]}}